{"id":8,"date":"2019-09-17T23:17:10","date_gmt":"2019-09-17T21:17:10","guid":{"rendered":"https:\/\/kobylanka.schoolpage.pl\/?page_id=8"},"modified":"2020-02-26T12:40:47","modified_gmt":"2020-02-26T11:40:47","slug":"o-nas","status":"publish","type":"page","link":"https:\/\/kobylanka.schoolpage.pl\/index.php\/o-nas\/","title":{"rendered":"O nas"},"content":{"rendered":"<p><strong>W naszym przedszkolu:<\/strong><br \/>-Dajemy dziecku mo\u017cliwo\u015b\u0107 poznawania i rozumienia siebie i \u015bwiata, odnajdywania swojego miejsca w grupie r\u00f3wie\u015bniczej i otaczaj\u0105cej rzeczywisto\u015bci, a tak\u017ce rozr\u00f3\u017cniania podstawowych warto\u015bci \u2013 dobra, mi\u0142o\u015bci i przyja\u017ani.<br \/>-Stwarzamy przyjazn\u0105, domow\u0105 atmosfer\u0119 oraz zapewniamy optymalne warunki do rozwijania osobowo\u015bci dzieci oraz zaspokajania ich potrzeb.<br \/>-Stwarzamy atmosfer\u0119 akceptacji, szacunku, wzajemnego zaufania i bezpiecze\u0144stwa, w kt\u00f3rej dziecko bawi si\u0119, uczy, nabywa umiej\u0119tno\u015bci i rozwija swoj\u0105 osobowo\u015b\u0107.<br \/>-Rozbudzamy u dzieci ciekawo\u015bci \u015bwiata i ludzi, spostrzegawczo\u015bci i wra\u017cliwo\u015bci na drugiego cz\u0142owieka.<br \/>-Wspomagamy wszechstronny rozw\u00f3j dziecka odpowiednio do jego indywidualnych potrzeb i mo\u017cliwo\u015bci.<br \/>-Kszta\u0142tujemy u dzieci wiar\u0119 we w\u0142asne mo\u017cliwo\u015bci, rozwijamy w nich optymizm i poczucie w\u0142asnej warto\u015bci.<br \/>-Zapewniamy dzieciom poczucie bezpiecze\u0144stwa, troszczymy si\u0119 o ich zdrowie i bezpiecze\u0144stwo.<br \/>-Uczymy tolerancji, patriotyzmu, akceptacji i poszanowania odmienno\u015bci ka\u017cdego cz\u0142owieka.<br \/>-Rozbudzamy zainteresowania otaczaj\u0105cym \u015bwiatem przyrodniczym, kulturowym i spo\u0142ecznym.<br \/>-Przygotowujemy dzieci do prze\u017cywania sukcesu, ale r\u00f3wnie\u017c do radzenia sobie z pora\u017ckami.<br \/>-Tworzymy ka\u017cdego dnia warunki do wszechstronnego rozwoju ruchowego w salach, na placu zabaw oraz w naturalnym \u015brodowisku.<br \/>-Wyposa\u017camy dzieci w wiedz\u0119 i umiej\u0119tno\u015bci niezb\u0119dne do powodzenia w nauce szkolnej.<br \/>-Oferujemy pomoc logopedyczn\u0105 oraz zaj\u0119cia z j\u0119zyka angielskiego i taneczne.<\/p>\n\n\n<figure class=\"wp-block-image\"><a href=\"https:\/\/kobylanka.schoolpage.pl\/wp-content\/uploads\/2020\/02\/Kodeks-przedszkolaka.jpg\"><img loading=\"lazy\" decoding=\"async\" width=\"683\" height=\"1024\" src=\"https:\/\/kobylanka.schoolpage.pl\/wp-content\/uploads\/2020\/02\/Kodeks-przedszkolaka-683x1024.jpg\" alt=\"\" class=\"wp-image-4621\" srcset=\"https:\/\/kobylanka.schoolpage.pl\/wp-content\/uploads\/2020\/02\/Kodeks-przedszkolaka-683x1024.jpg 683w, https:\/\/kobylanka.schoolpage.pl\/wp-content\/uploads\/2020\/02\/Kodeks-przedszkolaka-200x300.jpg 200w, https:\/\/kobylanka.schoolpage.pl\/wp-content\/uploads\/2020\/02\/Kodeks-przedszkolaka-768x1152.jpg 768w\" sizes=\"auto, (max-width: 683px) 100vw, 683px\" \/><\/a><\/figure>\n","protected":false},"excerpt":{"rendered":"<p>W naszym przedszkolu:-Dajemy dziecku mo\u017cliwo\u015b\u0107 poznawania i rozumienia siebie i \u015bwiata, odnajdywania swojego miejsca w grupie r\u00f3wie\u015bniczej i otaczaj\u0105cej rzeczywisto\u015bci, a tak\u017ce rozr\u00f3\u017cniania podstawowych warto\u015bci \u2013 dobra, mi\u0142o\u015bci i przyja\u017ani.-Stwarzamy przyjazn\u0105, domow\u0105 atmosfer\u0119 oraz zapewniamy optymalne warunki do rozwijania osobowo\u015bci<\/p>\n","protected":false},"author":1,"featured_media":0,"parent":0,"menu_order":0,"comment_status":"closed","ping_status":"closed","template":"","meta":{"footnotes":""},"class_list":["post-8","page","type-page","status-publish","hentry"],"_links":{"self":[{"href":"https:\/\/kobylanka.schoolpage.pl\/index.php\/wp-json\/wp\/v2\/pages\/8","targetHints":{"allow":["GET"]}}],"collection":[{"href":"https:\/\/kobylanka.schoolpage.pl\/index.php\/wp-json\/wp\/v2\/pages"}],"about":[{"href":"https:\/\/kobylanka.schoolpage.pl\/index.php\/wp-json\/wp\/v2\/types\/page"}],"author":[{"embeddable":true,"href":"https:\/\/kobylanka.schoolpage.pl\/index.php\/wp-json\/wp\/v2\/users\/1"}],"replies":[{"embeddable":true,"href":"https:\/\/kobylanka.schoolpage.pl\/index.php\/wp-json\/wp\/v2\/comments?post=8"}],"version-history":[{"count":4,"href":"https:\/\/kobylanka.schoolpage.pl\/index.php\/wp-json\/wp\/v2\/pages\/8\/revisions"}],"predecessor-version":[{"id":9237,"href":"https:\/\/kobylanka.schoolpage.pl\/index.php\/wp-json\/wp\/v2\/pages\/8\/revisions\/9237"}],"wp:attachment":[{"href":"https:\/\/kobylanka.schoolpage.pl\/index.php\/wp-json\/wp\/v2\/media?parent=8"}],"curies":[{"name":"wp","href":"https:\/\/api.w.org\/{rel}","templated":true}]}}