{"id":38,"date":"2019-09-17T23:46:09","date_gmt":"2019-09-17T21:46:09","guid":{"rendered":"https:\/\/kobylanka.schoolpage.pl\/?page_id=38"},"modified":"2025-03-25T13:57:04","modified_gmt":"2025-03-25T12:57:04","slug":"dokumenty","status":"publish","type":"page","link":"https:\/\/kobylanka.schoolpage.pl\/index.php\/dokumenty\/","title":{"rendered":"Dokumenty"},"content":{"rendered":"\n<div data-wp-interactive=\"core\/file\" class=\"wp-block-file\"><object data-wp-bind--hidden=\"!state.hasPdfPreview\" hidden class=\"wp-block-file__embed\" data=\"https:\/\/kobylanka.schoolpage.pl\/wp-content\/uploads\/2025\/03\/POTWIERDZENIE-WOLI-RODZICA-przedszkole.pdf\" type=\"application\/pdf\" style=\"width:100%;height:600px\" aria-label=\"Osadzone z POTWIERDZENIE WOLI RODZICA przedszkole.\"><\/object><a id=\"wp-block-file--media-e2093b16-0153-4c82-9f5c-cd9eaeb2f9f3\" href=\"https:\/\/kobylanka.schoolpage.pl\/wp-content\/uploads\/2025\/03\/POTWIERDZENIE-WOLI-RODZICA-przedszkole.pdf\">POTWIERDZENIE WOLI RODZICA przedszkole<\/a><a href=\"https:\/\/kobylanka.schoolpage.pl\/wp-content\/uploads\/2025\/03\/POTWIERDZENIE-WOLI-RODZICA-przedszkole.pdf\" class=\"wp-block-file__button wp-element-button\" download aria-describedby=\"wp-block-file--media-e2093b16-0153-4c82-9f5c-cd9eaeb2f9f3\">Pobierz<\/a><\/div>\n\n\n\n<div data-wp-interactive=\"core\/file\" class=\"wp-block-file\"><object data-wp-bind--hidden=\"!state.hasPdfPreview\" hidden class=\"wp-block-file__embed\" data=\"https:\/\/kobylanka.schoolpage.pl\/wp-content\/uploads\/2025\/03\/wniosek-o-przyjecie-do-przedszkola-2025-26.pdf\" type=\"application\/pdf\" style=\"width:100%;height:600px\" aria-label=\"Osadzone z wniosek o przyj\u0119cie do przedszkola 2025-26.\"><\/object><a id=\"wp-block-file--media-d894bf90-edcb-4e54-9944-ce28fd993f71\" href=\"https:\/\/kobylanka.schoolpage.pl\/wp-content\/uploads\/2025\/03\/wniosek-o-przyjecie-do-przedszkola-2025-26.pdf\">wniosek o przyj\u0119cie do przedszkola 2025-26<\/a><a href=\"https:\/\/kobylanka.schoolpage.pl\/wp-content\/uploads\/2025\/03\/wniosek-o-przyjecie-do-przedszkola-2025-26.pdf\" class=\"wp-block-file__button wp-element-button\" download aria-describedby=\"wp-block-file--media-d894bf90-edcb-4e54-9944-ce28fd993f71\">Pobierz<\/a><\/div>\n\n\n\n<div data-wp-interactive=\"core\/file\" class=\"wp-block-file\"><object data-wp-bind--hidden=\"!state.hasPdfPreview\" hidden class=\"wp-block-file__embed\" data=\"https:\/\/kobylanka.schoolpage.pl\/wp-content\/uploads\/2025\/03\/Zgloszenie-do-pierwszej-klasy.pdf\" type=\"application\/pdf\" style=\"width:100%;height:600px\" aria-label=\"Osadzone z Zg\u0142oszenie do pierwszej klasy.\"><\/object><a id=\"wp-block-file--media-ef714778-ada9-42a2-86cb-4dbdd7bfc58c\" href=\"https:\/\/kobylanka.schoolpage.pl\/wp-content\/uploads\/2025\/03\/Zgloszenie-do-pierwszej-klasy.pdf\">Zg\u0142oszenie do pierwszej klasy<\/a><a href=\"https:\/\/kobylanka.schoolpage.pl\/wp-content\/uploads\/2025\/03\/Zgloszenie-do-pierwszej-klasy.pdf\" class=\"wp-block-file__button wp-element-button\" download aria-describedby=\"wp-block-file--media-ef714778-ada9-42a2-86cb-4dbdd7bfc58c\">Pobierz<\/a><\/div>\n\n\n\n<div data-wp-interactive=\"core\/file\" class=\"wp-block-file\"><object data-wp-bind--hidden=\"!state.hasPdfPreview\" hidden class=\"wp-block-file__embed\" data=\"https:\/\/kobylanka.schoolpage.pl\/wp-content\/uploads\/2025\/03\/Wniosek-do-pierwszej-klasy.pdf\" type=\"application\/pdf\" style=\"width:100%;height:600px\" aria-label=\"Osadzone z Wniosek do pierwszej klasy.\"><\/object><a id=\"wp-block-file--media-56a34289-68b5-4056-a204-448a666e3d08\" href=\"https:\/\/kobylanka.schoolpage.pl\/wp-content\/uploads\/2025\/03\/Wniosek-do-pierwszej-klasy.pdf\">Wniosek do pierwszej klasy<\/a><a href=\"https:\/\/kobylanka.schoolpage.pl\/wp-content\/uploads\/2025\/03\/Wniosek-do-pierwszej-klasy.pdf\" class=\"wp-block-file__button wp-element-button\" download aria-describedby=\"wp-block-file--media-56a34289-68b5-4056-a204-448a666e3d08\">Pobierz<\/a><\/div>\n\n\n\n<div data-wp-interactive=\"core\/file\" class=\"wp-block-file\"><object data-wp-bind--hidden=\"!state.hasPdfPreview\" hidden class=\"wp-block-file__embed\" data=\"https:\/\/kobylanka.schoolpage.pl\/wp-content\/uploads\/2025\/03\/Statut-Samorzadowego-Przedszkola-w-Kobylance-tekst-ujednolicony.pdf\" type=\"application\/pdf\" style=\"width:100%;height:600px\" aria-label=\"Osadzone z Statut Samorz\u0105dowego Przedszkola w Kobylance - tekst ujednolicony.\"><\/object><a id=\"wp-block-file--media-8a32f756-0104-4550-a82d-7d9cec8c0e12\" href=\"https:\/\/kobylanka.schoolpage.pl\/wp-content\/uploads\/2025\/03\/Statut-Samorzadowego-Przedszkola-w-Kobylance-tekst-ujednolicony.pdf\">Statut Samorz\u0105dowego Przedszkola w Kobylance &#8211; tekst ujednolicony<\/a><a href=\"https:\/\/kobylanka.schoolpage.pl\/wp-content\/uploads\/2025\/03\/Statut-Samorzadowego-Przedszkola-w-Kobylance-tekst-ujednolicony.pdf\" class=\"wp-block-file__button wp-element-button\" download aria-describedby=\"wp-block-file--media-8a32f756-0104-4550-a82d-7d9cec8c0e12\">Pobierz<\/a><\/div>\n\n\n\n<div data-wp-interactive=\"core\/file\" class=\"wp-block-file\"><object data-wp-bind--hidden=\"!state.hasPdfPreview\" hidden class=\"wp-block-file__embed\" data=\"https:\/\/kobylanka.schoolpage.pl\/wp-content\/uploads\/2025\/02\/STATUT_P_Kobylanka-w-PDF-1.pdf\" type=\"application\/pdf\" style=\"width:100%;height:600px\" aria-label=\"Osadzone z STATUT_P_Kobylanka w PDF.\"><\/object><a id=\"wp-block-file--media-e04fed85-b11e-496d-b766-cb21ecb4aefa\" href=\"https:\/\/kobylanka.schoolpage.pl\/wp-content\/uploads\/2025\/02\/STATUT_P_Kobylanka-w-PDF-1.pdf\">STATUT_P_Kobylanka w PDF<\/a><a href=\"https:\/\/kobylanka.schoolpage.pl\/wp-content\/uploads\/2025\/02\/STATUT_P_Kobylanka-w-PDF-1.pdf\" class=\"wp-block-file__button wp-element-button\" download aria-describedby=\"wp-block-file--media-e04fed85-b11e-496d-b766-cb21ecb4aefa\">Pobierz<\/a><\/div>\n\n\n\n<div class=\"wp-block-file\"><a href=\"https:\/\/kobylanka.schoolpage.pl\/wp-content\/uploads\/2020\/06\/reg-wycieczek.pdf\">Regulamin organizacji spacer\u00f3w i wycieczek<\/a><a href=\"https:\/\/kobylanka.schoolpage.pl\/wp-content\/uploads\/2020\/06\/reg-wycieczek.pdf\" class=\"wp-block-file__button wp-element-button\" download>Pobierz<\/a><\/div>\n\n\n\n<div class=\"wp-block-file\"><a href=\"https:\/\/kobylanka.schoolpage.pl\/wp-content\/uploads\/2019\/10\/Dowiedz-si\u0119-wi\u0119cej-na-temat-regu\u0142-jakie-obowi\u0105zuj\u0105-w-naszym-przedszkolu-dla-Rodzic\u00f3w.pdf\">Regu\u0142y dla rodzic\u00f3w w naszym przedszkolu <\/a><a href=\"https:\/\/kobylanka.schoolpage.pl\/wp-content\/uploads\/2019\/10\/Dowiedz-si\u0119-wi\u0119cej-na-temat-regu\u0142-jakie-obowi\u0105zuj\u0105-w-naszym-przedszkolu-dla-Rodzic\u00f3w.pdf\" class=\"wp-block-file__button wp-element-button\" download>Pobierz<\/a><\/div>\n\n\n\n<p>Podstawa Programowa  <br><a href=\"http:\/\/prawo.sejm.gov.pl\/isap.nsf\/download.xsp\/WDU20170000356\/O\/D20170356.pdf\">http:\/\/prawo.sejm.gov.pl\/isap.nsf\/download.xsp\/WDU20170000356\/O\/D20170356.pdf<\/a><\/p>\n\n\n\n<div class=\"wp-block-file\"><a href=\"https:\/\/kobylanka.schoolpage.pl\/wp-content\/uploads\/2021\/03\/document2-1.pdf\">Raport o stanie zapewniania dost\u0119pno\u015bci podmiotu publicznego<\/a><a href=\"https:\/\/kobylanka.schoolpage.pl\/wp-content\/uploads\/2021\/03\/document2-1.pdf\" class=\"wp-block-file__button wp-element-button\" download>Pobierz<\/a><\/div>\n\n\n\n<figure class=\"wp-block-image size-large is-resized\"><img loading=\"lazy\" decoding=\"async\" width=\"1008\" height=\"1024\" src=\"https:\/\/kobylanka.schoolpage.pl\/wp-content\/uploads\/2021\/04\/logo_kuratorium-1008x1024.jpg\" alt=\"\" class=\"wp-image-13400\" style=\"width:135px;height:137px\" srcset=\"https:\/\/kobylanka.schoolpage.pl\/wp-content\/uploads\/2021\/04\/logo_kuratorium-1008x1024.jpg 1008w, https:\/\/kobylanka.schoolpage.pl\/wp-content\/uploads\/2021\/04\/logo_kuratorium-295x300.jpg 295w, https:\/\/kobylanka.schoolpage.pl\/wp-content\/uploads\/2021\/04\/logo_kuratorium-768x780.jpg 768w, https:\/\/kobylanka.schoolpage.pl\/wp-content\/uploads\/2021\/04\/logo_kuratorium-1512x1536.jpg 1512w, https:\/\/kobylanka.schoolpage.pl\/wp-content\/uploads\/2021\/04\/logo_kuratorium.jpg 1685w\" sizes=\"auto, (max-width: 1008px) 100vw, 1008px\" \/><\/figure>\n","protected":false},"excerpt":{"rendered":"<p>Podstawa Programowa http:\/\/prawo.sejm.gov.pl\/isap.nsf\/download.xsp\/WDU20170000356\/O\/D20170356.pdf<\/p>\n","protected":false},"author":1,"featured_media":0,"parent":0,"menu_order":0,"comment_status":"closed","ping_status":"closed","template":"","meta":{"footnotes":""},"class_list":["post-38","page","type-page","status-publish","hentry"],"_links":{"self":[{"href":"https:\/\/kobylanka.schoolpage.pl\/index.php\/wp-json\/wp\/v2\/pages\/38","targetHints":{"allow":["GET"]}}],"collection":[{"href":"https:\/\/kobylanka.schoolpage.pl\/index.php\/wp-json\/wp\/v2\/pages"}],"about":[{"href":"https:\/\/kobylanka.schoolpage.pl\/index.php\/wp-json\/wp\/v2\/types\/page"}],"author":[{"embeddable":true,"href":"https:\/\/kobylanka.schoolpage.pl\/index.php\/wp-json\/wp\/v2\/users\/1"}],"replies":[{"embeddable":true,"href":"https:\/\/kobylanka.schoolpage.pl\/index.php\/wp-json\/wp\/v2\/comments?post=38"}],"version-history":[{"count":18,"href":"https:\/\/kobylanka.schoolpage.pl\/index.php\/wp-json\/wp\/v2\/pages\/38\/revisions"}],"predecessor-version":[{"id":22111,"href":"https:\/\/kobylanka.schoolpage.pl\/index.php\/wp-json\/wp\/v2\/pages\/38\/revisions\/22111"}],"wp:attachment":[{"href":"https:\/\/kobylanka.schoolpage.pl\/index.php\/wp-json\/wp\/v2\/media?parent=38"}],"curies":[{"name":"wp","href":"https:\/\/api.w.org\/{rel}","templated":true}]}}