{"id":15715,"date":"2021-11-12T21:37:35","date_gmt":"2021-11-12T20:37:35","guid":{"rendered":"https:\/\/kobylanka.schoolpage.pl\/?page_id=15715"},"modified":"2022-04-13T21:46:45","modified_gmt":"2022-04-13T19:46:45","slug":"nasze-wystepy-2021-2022","status":"publish","type":"page","link":"https:\/\/kobylanka.schoolpage.pl\/index.php\/nasze-wystepy-2021-2022\/","title":{"rendered":"NASZE WYST\u0118PY 2021\/2022"},"content":{"rendered":"\n<p class=\"has-luminous-vivid-amber-color has-text-color\"><strong>WYST\u0118P WIELKANOCNY<\/strong><\/p>\n\n\n\n<p><a href=\"https:\/\/drive.google.com\/file\/d\/1ww_KE6DMpadZucaTRYaJmOE1Q_Y0AHj-\/view?usp=sharing\">https:\/\/drive.google.com\/file\/d\/1ww_KE6DMpadZucaTRYaJmOE1Q_Y0AHj-\/view?usp=sharing<\/a><\/p>\n\n\n\n<p class=\"has-text-color\" style=\"color:#31c5d0;font-style:normal;font-weight:500\"><strong>MAM TALENT &#8211; PRZEDSZKOLAK POTRAFI<\/strong><\/p>\n\n\n\n<p><a href=\"https:\/\/drive.google.com\/file\/d\/1pdqhrvGaID5EyazEhCj73w3M9MLOWe7T\/view?usp=sharing\">https:\/\/drive.google.com\/file\/d\/1pdqhrvGaID5EyazEhCj73w3M9MLOWe7T\/view?usp=sharing<\/a><\/p>\n\n\n\n<p class=\"has-vivid-purple-color has-text-color\"><strong>\u017bYCZENIA DLA BABCI I DZIADKA<\/strong><\/p>\n\n\n\n<p><a href=\"https:\/\/drive.google.com\/file\/d\/1UBV2IZknmZKqf2DydAHw72jzqEkCWHAO\/view?usp=sharing\">https:\/\/drive.google.com\/file\/d\/1UBV2IZknmZKqf2DydAHw72jzqEkCWHAO\/view?usp=sharing<\/a><\/p>\n\n\n\n<p class=\"has-text-color\" style=\"color:#0b4408\">WYST\u0118P BO\u017bONARODZENIOWY<\/p>\n\n\n\n<p><a href=\"https:\/\/drive.google.com\/file\/d\/1HAnfeAvjOqS2q_mz6URrZQnu6E-O1QBh\/view?usp=sharing\">https:\/\/drive.google.com\/file\/d\/1HAnfeAvjOqS2q_mz6URrZQnu6E-O1QBh\/view?usp=sharing<\/a><\/p>\n\n\n\n<p class=\"has-vivid-red-color has-text-color\">\u015aWI\u0118TO NIEPODLEG\u0141O\u015aCI<\/p>\n\n\n\n<p class=\"has-vivid-cyan-blue-color has-text-color\"><a href=\"https:\/\/drive.google.com\/file\/d\/16zPNAYWmH4iIrKn_lwvqZvYFhqrN4N7G\/view?usp=sharing\">https:\/\/drive.google.com\/file\/d\/16zPNAYWmH4iIrKn_lwvqZvYFhqrN4N7G\/view?usp=sharing<\/a><\/p>\n","protected":false},"excerpt":{"rendered":"<p>WYST\u0118P WIELKANOCNY https:\/\/drive.google.com\/file\/d\/1ww_KE6DMpadZucaTRYaJmOE1Q_Y0AHj-\/view?usp=sharing MAM TALENT &#8211; PRZEDSZKOLAK POTRAFI https:\/\/drive.google.com\/file\/d\/1pdqhrvGaID5EyazEhCj73w3M9MLOWe7T\/view?usp=sharing \u017bYCZENIA DLA BABCI I DZIADKA https:\/\/drive.google.com\/file\/d\/1UBV2IZknmZKqf2DydAHw72jzqEkCWHAO\/view?usp=sharing WYST\u0118P BO\u017bONARODZENIOWY https:\/\/drive.google.com\/file\/d\/1HAnfeAvjOqS2q_mz6URrZQnu6E-O1QBh\/view?usp=sharing \u015aWI\u0118TO NIEPODLEG\u0141O\u015aCI https:\/\/drive.google.com\/file\/d\/16zPNAYWmH4iIrKn_lwvqZvYFhqrN4N7G\/view?usp=sharing<\/p>\n","protected":false},"author":2,"featured_media":0,"parent":0,"menu_order":0,"comment_status":"closed","ping_status":"closed","template":"","meta":{"footnotes":""},"class_list":["post-15715","page","type-page","status-publish","hentry"],"_links":{"self":[{"href":"https:\/\/kobylanka.schoolpage.pl\/index.php\/wp-json\/wp\/v2\/pages\/15715","targetHints":{"allow":["GET"]}}],"collection":[{"href":"https:\/\/kobylanka.schoolpage.pl\/index.php\/wp-json\/wp\/v2\/pages"}],"about":[{"href":"https:\/\/kobylanka.schoolpage.pl\/index.php\/wp-json\/wp\/v2\/types\/page"}],"author":[{"embeddable":true,"href":"https:\/\/kobylanka.schoolpage.pl\/index.php\/wp-json\/wp\/v2\/users\/2"}],"replies":[{"embeddable":true,"href":"https:\/\/kobylanka.schoolpage.pl\/index.php\/wp-json\/wp\/v2\/comments?post=15715"}],"version-history":[{"count":6,"href":"https:\/\/kobylanka.schoolpage.pl\/index.php\/wp-json\/wp\/v2\/pages\/15715\/revisions"}],"predecessor-version":[{"id":17965,"href":"https:\/\/kobylanka.schoolpage.pl\/index.php\/wp-json\/wp\/v2\/pages\/15715\/revisions\/17965"}],"wp:attachment":[{"href":"https:\/\/kobylanka.schoolpage.pl\/index.php\/wp-json\/wp\/v2\/media?parent=15715"}],"curies":[{"name":"wp","href":"https:\/\/api.w.org\/{rel}","templated":true}]}}