{"id":10,"date":"2019-09-17T23:17:10","date_gmt":"2019-09-17T21:17:10","guid":{"rendered":"https:\/\/kobylanka.schoolpage.pl\/?page_id=10"},"modified":"2025-08-03T23:21:45","modified_gmt":"2025-08-03T21:21:45","slug":"kontakt","status":"publish","type":"page","link":"https:\/\/kobylanka.schoolpage.pl\/index.php\/kontakt\/","title":{"rendered":"Kontakt"},"content":{"rendered":"\n<p><strong>Adres:<\/strong><br>Zesp\u00f3\u0142 Szkolno-Przedszkolny w Kobylance<br>38-303 Kobylanka 413<br>tel. 183531510<br>e-mail: przekobylanka@wp.pl, zs_kobylanka@wp.pl<\/p>\n\n\n\n<div>\n     <iframe loading=\"lazy\" width=\"500\" height=\"400\" frameborder=\"0\" src=\"https:\/\/www.bing.com\/maps\/embed?h=400&#038;w=500&#038;cp=49.66890995066808~21.222710000000013&#038;lvl=17&#038;typ=d&#038;sty=r&#038;src=SHELL&#038;FORM=MBEDV8\" scrolling=\"no\">\n     <\/iframe>\n     <div style=\"white-space: nowrap; text-align: center; width: 500px; padding: 6px 0;\">\n        <a id=\"largeMapLink\" href=\"https:\/\/www.bing.com\/maps?cp=49.66890995066808~21.222710000000013&amp;sty=r&amp;lvl=17&amp;FORM=MBEDLD\" target=\"_blank\" rel=\"noopener noreferrer\">Wy\u015bwietl wi\u0119ksz\u0105 map\u0119<\/a> &nbsp; | &nbsp;\n        <a id=\"dirMapLink\" href=\"https:\/\/www.bing.com\/maps\/directions?cp=49.66890995066808~21.222710000000013&amp;sty=r&amp;lvl=17&amp;rtp=~pos.49.66890995066808_21.222710000000013____&amp;FORM=MBEDLD\" target=\"_blank\" rel=\"noopener noreferrer\">Pobierz wskaz\u00f3wki<\/a>\n    <\/div>\n<\/div>\n\n\n\n<p>Inspektem ochrony danych w tutejszej jednostce jest p. Kamil Ga\u0142\u0105zka<br>adres e-mail: nowator@nowator.edu.pl,<br>tel. 32\/ 331 48 08, 503 118 282<br><\/p>\n","protected":false},"excerpt":{"rendered":"<p>Adres:Zesp\u00f3\u0142 Szkolno-Przedszkolny w Kobylance38-303 Kobylanka 413tel. 183531510e-mail: przekobylanka@wp.pl, zs_kobylanka@wp.pl Wy\u015bwietl wi\u0119ksz\u0105 map\u0119 &nbsp; | &nbsp; Pobierz wskaz\u00f3wki Inspektem ochrony danych w tutejszej jednostce jest p. Kamil Ga\u0142\u0105zkaadres e-mail: nowator@nowator.edu.pl,tel. 32\/ 331 48 08, 503 118 282<\/p>\n","protected":false},"author":1,"featured_media":0,"parent":0,"menu_order":0,"comment_status":"closed","ping_status":"closed","template":"page-templates\/contact.php","meta":{"footnotes":""},"class_list":["post-10","page","type-page","status-publish","hentry"],"_links":{"self":[{"href":"https:\/\/kobylanka.schoolpage.pl\/index.php\/wp-json\/wp\/v2\/pages\/10","targetHints":{"allow":["GET"]}}],"collection":[{"href":"https:\/\/kobylanka.schoolpage.pl\/index.php\/wp-json\/wp\/v2\/pages"}],"about":[{"href":"https:\/\/kobylanka.schoolpage.pl\/index.php\/wp-json\/wp\/v2\/types\/page"}],"author":[{"embeddable":true,"href":"https:\/\/kobylanka.schoolpage.pl\/index.php\/wp-json\/wp\/v2\/users\/1"}],"replies":[{"embeddable":true,"href":"https:\/\/kobylanka.schoolpage.pl\/index.php\/wp-json\/wp\/v2\/comments?post=10"}],"version-history":[{"count":11,"href":"https:\/\/kobylanka.schoolpage.pl\/index.php\/wp-json\/wp\/v2\/pages\/10\/revisions"}],"predecessor-version":[{"id":22169,"href":"https:\/\/kobylanka.schoolpage.pl\/index.php\/wp-json\/wp\/v2\/pages\/10\/revisions\/22169"}],"wp:attachment":[{"href":"https:\/\/kobylanka.schoolpage.pl\/index.php\/wp-json\/wp\/v2\/media?parent=10"}],"curies":[{"name":"wp","href":"https:\/\/api.w.org\/{rel}","templated":true}]}}